{"id":155,"date":"2023-04-20T21:50:09","date_gmt":"2023-04-20T19:50:09","guid":{"rendered":"http:\/\/10.0.0.11\/brzydkie.oknaidrzwi.eu\/?page_id=155"},"modified":"2023-11-02T15:13:00","modified_gmt":"2023-11-02T14:13:00","slug":"doswietlacze-okien-aco","status":"publish","type":"page","link":"https:\/\/oknaidrzwi.eu\/index.php\/oferta\/doswietlacze-okien-aco\/","title":{"rendered":"Do\u015bwietlacze okien ACO"},"content":{"rendered":"\t\t<div data-elementor-type=\"wp-page\" data-elementor-id=\"155\" class=\"elementor elementor-155\" data-elementor-post-type=\"page\">\n\t\t\t\t\t\t<section class=\"elementor-section elementor-top-section elementor-element elementor-element-cd7cb43 elementor-section-boxed elementor-section-height-default elementor-section-height-default\" data-id=\"cd7cb43\" data-element_type=\"section\">\n\t\t\t\t\t\t<div class=\"elementor-container elementor-column-gap-default\">\n\t\t\t\t\t<div class=\"elementor-column elementor-col-100 elementor-top-column elementor-element elementor-element-e222e5e\" data-id=\"e222e5e\" data-element_type=\"column\">\n\t\t\t<div class=\"elementor-widget-wrap elementor-element-populated\">\n\t\t\t\t\t\t<div class=\"elementor-element elementor-element-d070d9f elementor-widget elementor-widget-heading\" data-id=\"d070d9f\" data-element_type=\"widget\" data-widget_type=\"heading.default\">\n\t\t\t\t<div class=\"elementor-widget-container\">\n\t\t\t\t\t<h1 class=\"elementor-heading-title elementor-size-default\"><b>do\u015bwietlacze<\/b><\/h1>\t\t\t\t<\/div>\n\t\t\t\t<\/div>\n\t\t\t\t\t<\/div>\n\t\t<\/div>\n\t\t\t\t\t<\/div>\n\t\t<\/section>\n\t\t\t\t<section class=\"elementor-section elementor-top-section elementor-element elementor-element-412085f elementor-section-full_width elementor-section-height-default elementor-section-height-default\" data-id=\"412085f\" data-element_type=\"section\">\n\t\t\t\t\t\t<div class=\"elementor-container elementor-column-gap-default\">\n\t\t\t\t\t<div class=\"elementor-column elementor-col-100 elementor-top-column elementor-element elementor-element-49b4adf\" data-id=\"49b4adf\" data-element_type=\"column\">\n\t\t\t<div class=\"elementor-widget-wrap elementor-element-populated\">\n\t\t\t\t\t\t<div class=\"elementor-element elementor-element-db45fba elementor-widget elementor-widget-image\" data-id=\"db45fba\" data-element_type=\"widget\" data-settings=\"{&quot;motion_fx_motion_fx_scrolling&quot;:&quot;yes&quot;,&quot;motion_fx_devices&quot;:[&quot;desktop&quot;,&quot;tablet&quot;,&quot;mobile&quot;]}\" data-widget_type=\"image.default\">\n\t\t\t\t<div class=\"elementor-widget-container\">\n\t\t\t\t\t\t\t\t\t\t\t\t\t\t\t<img fetchpriority=\"high\" decoding=\"async\" width=\"1362\" height=\"521\" src=\"https:\/\/oknaidrzwi.eu\/wp-content\/uploads\/2023\/11\/obraz_2023-11-02_151114852.png\" class=\"attachment-full size-full wp-image-4175\" alt=\"\" srcset=\"https:\/\/oknaidrzwi.eu\/wp-content\/uploads\/2023\/11\/obraz_2023-11-02_151114852.png 1362w, https:\/\/oknaidrzwi.eu\/wp-content\/uploads\/2023\/11\/obraz_2023-11-02_151114852-300x115.png 300w, https:\/\/oknaidrzwi.eu\/wp-content\/uploads\/2023\/11\/obraz_2023-11-02_151114852-1024x392.png 1024w, https:\/\/oknaidrzwi.eu\/wp-content\/uploads\/2023\/11\/obraz_2023-11-02_151114852-768x294.png 768w\" sizes=\"(max-width: 1362px) 100vw, 1362px\" \/>\t\t\t\t\t\t\t\t\t\t\t\t\t\t\t<\/div>\n\t\t\t\t<\/div>\n\t\t\t\t\t<\/div>\n\t\t<\/div>\n\t\t\t\t\t<\/div>\n\t\t<\/section>\n\t\t\t\t<section class=\"elementor-section elementor-top-section elementor-element elementor-element-58a4b1f elementor-section-boxed elementor-section-height-default elementor-section-height-default\" data-id=\"58a4b1f\" data-element_type=\"section\">\n\t\t\t\t\t\t<div class=\"elementor-container elementor-column-gap-default\">\n\t\t\t\t\t<div class=\"elementor-column elementor-col-50 elementor-top-column elementor-element elementor-element-7e3f6b8\" data-id=\"7e3f6b8\" data-element_type=\"column\">\n\t\t\t<div class=\"elementor-widget-wrap elementor-element-populated\">\n\t\t\t\t\t\t<div class=\"elementor-element elementor-element-3abe70b elementor-widget elementor-widget-image\" data-id=\"3abe70b\" data-element_type=\"widget\" data-widget_type=\"image.default\">\n\t\t\t\t<div class=\"elementor-widget-container\">\n\t\t\t\t\t\t\t\t\t\t\t\t\t\t\t<img decoding=\"async\" width=\"392\" height=\"346\" src=\"https:\/\/oknaidrzwi.eu\/wp-content\/uploads\/2023\/10\/Zrzut-ekranu-2023-10-26-165608.png\" class=\"attachment-large size-large wp-image-4028\" alt=\"\" srcset=\"https:\/\/oknaidrzwi.eu\/wp-content\/uploads\/2023\/10\/Zrzut-ekranu-2023-10-26-165608.png 392w, https:\/\/oknaidrzwi.eu\/wp-content\/uploads\/2023\/10\/Zrzut-ekranu-2023-10-26-165608-300x265.png 300w\" sizes=\"(max-width: 392px) 100vw, 392px\" \/>\t\t\t\t\t\t\t\t\t\t\t\t\t\t\t<\/div>\n\t\t\t\t<\/div>\n\t\t\t\t\t<\/div>\n\t\t<\/div>\n\t\t\t\t<div class=\"elementor-column elementor-col-50 elementor-top-column elementor-element elementor-element-7ebfe57\" data-id=\"7ebfe57\" data-element_type=\"column\">\n\t\t\t<div class=\"elementor-widget-wrap elementor-element-populated\">\n\t\t\t\t\t\t<section class=\"elementor-section elementor-inner-section elementor-element elementor-element-e6b45b8 elementor-section-boxed elementor-section-height-default elementor-section-height-default\" data-id=\"e6b45b8\" data-element_type=\"section\">\n\t\t\t\t\t\t<div class=\"elementor-container elementor-column-gap-default\">\n\t\t\t\t\t<div class=\"elementor-column elementor-col-100 elementor-inner-column elementor-element elementor-element-78a5edc\" data-id=\"78a5edc\" data-element_type=\"column\">\n\t\t\t<div class=\"elementor-widget-wrap elementor-element-populated\">\n\t\t\t\t\t\t<div class=\"elementor-element elementor-element-04d2a18 elementor-widget__width-initial elementor-widget elementor-widget-text-editor\" data-id=\"04d2a18\" data-element_type=\"widget\" data-widget_type=\"text-editor.default\">\n\t\t\t\t<div class=\"elementor-widget-container\">\n\t\t\t\t\t\t\t\t\t<div><span style=\"background-color: transparent;\">Do\u015bwietlacz zbudowany jest z korpusu i rusztu wykonanego ze stali ocynkowanej. Wn\u0119trze korpusu&nbsp;<\/span><span style=\"background-color: transparent;\">do\u015bwietlacza ma g\u0142adk\u0105 powierzchni\u0119, dzi\u0119ki czemu odbija <b>maksimum \u015bwiat\u0142a <\/b>i kieruje je do&nbsp;<\/span><span style=\"background-color: transparent;\">pomieszczenia. Zalet\u0105 takiej powierzchni jest <b>\u0142atwo\u015b\u0107 utrzymania czysto\u015bci <\/b>(osadzanie zanieczyszcze\u0144&nbsp;<\/span><span style=\"background-color: transparent;\">jest bardzo ograniczone, a ewentualne zabrudzenia mo\u017cna bardzo \u0142atwo usun\u0105\u0107 za pomoc\u0105 zwyk\u0142ych&nbsp;<\/span><span style=\"background-color: transparent;\">\u015brodk\u00f3w czysto\u015bci).&nbsp;<\/span><br><span style=\"background-color: transparent;\">Dodatkowo istnieje mo\u017cliwo\u015b\u0107 powi\u0119kszenia (na wysoko\u015b\u0107) za pomoc\u0105 nadstawek (max 3 nadstawki.)&nbsp;<\/span><\/div>\t\t\t\t\t\t\t\t<\/div>\n\t\t\t\t<\/div>\n\t\t\t\t\t<\/div>\n\t\t<\/div>\n\t\t\t\t\t<\/div>\n\t\t<\/section>\n\t\t\t\t\t<\/div>\n\t\t<\/div>\n\t\t\t\t\t<\/div>\n\t\t<\/section>\n\t\t\t\t<section class=\"elementor-section elementor-top-section elementor-element elementor-element-c69b0e6 elementor-section-boxed elementor-section-height-default elementor-section-height-default\" data-id=\"c69b0e6\" data-element_type=\"section\">\n\t\t\t\t\t\t<div class=\"elementor-container elementor-column-gap-default\">\n\t\t\t\t\t<div class=\"elementor-column elementor-col-50 elementor-top-column elementor-element elementor-element-112af9b\" data-id=\"112af9b\" data-element_type=\"column\">\n\t\t\t<div class=\"elementor-widget-wrap elementor-element-populated\">\n\t\t\t\t\t\t<section class=\"elementor-section elementor-inner-section elementor-element elementor-element-3e5e8bd elementor-section-boxed elementor-section-height-default elementor-section-height-default\" data-id=\"3e5e8bd\" data-element_type=\"section\">\n\t\t\t\t\t\t<div class=\"elementor-container elementor-column-gap-default\">\n\t\t\t\t\t<div class=\"elementor-column elementor-col-100 elementor-inner-column elementor-element elementor-element-e3e4519\" data-id=\"e3e4519\" data-element_type=\"column\">\n\t\t\t<div class=\"elementor-widget-wrap elementor-element-populated\">\n\t\t\t\t\t\t<div class=\"elementor-element elementor-element-b552f6d elementor-widget elementor-widget-text-editor\" data-id=\"b552f6d\" data-element_type=\"widget\" data-widget_type=\"text-editor.default\">\n\t\t\t\t<div class=\"elementor-widget-container\">\n\t\t\t\t\t\t\t\t\t<h3><strong>Zalety\u00a0<\/strong><b>i funkcje do\u015bwietlaczy:<\/b><\/h3>\t\t\t\t\t\t\t\t<\/div>\n\t\t\t\t<\/div>\n\t\t\t\t<div class=\"elementor-element elementor-element-e66f6b6 elementor-widget__width-initial elementor-widget elementor-widget-text-editor\" data-id=\"e66f6b6\" data-element_type=\"widget\" data-widget_type=\"text-editor.default\">\n\t\t\t\t<div class=\"elementor-widget-container\">\n\t\t\t\t\t\t\t\t\t<div><ul><li><span style=\"background-color: var( --e-global-color-50b259d );\">zdecydowanie wi\u0119cej \u015bwiat\u0142a w pomieszczeniu piwnicznym,<\/span><\/li><li>du\u017ca wytrzyma\u0142o\u015b\u0107 na obci\u0105\u017cenia,<\/li><li>szczelny na wody gruntowe,<\/li><li>\u0142atwo\u015b\u0107 monta\u017cu i utrzymania w czysto\u015bci,<\/li><li>oszcz\u0119dno\u015b\u0107 (ok. 30% kosztu studzienki betonowej),\u00a0<\/li><li><span style=\"background-color: var( --e-global-color-50b259d ); font-size: 1rem;\">zabezpieczone przed w\u0142amaniem mocowanie rusztu do korpusu.<\/span><\/li><\/ul><\/div>\t\t\t\t\t\t\t\t<\/div>\n\t\t\t\t<\/div>\n\t\t\t\t\t<\/div>\n\t\t<\/div>\n\t\t\t\t\t<\/div>\n\t\t<\/section>\n\t\t\t\t\t<\/div>\n\t\t<\/div>\n\t\t\t\t<div class=\"elementor-column elementor-col-50 elementor-top-column elementor-element elementor-element-9a0ab99\" data-id=\"9a0ab99\" data-element_type=\"column\">\n\t\t\t<div class=\"elementor-widget-wrap elementor-element-populated\">\n\t\t\t\t\t\t<div class=\"elementor-element elementor-element-755b4dd elementor-widget elementor-widget-text-editor\" data-id=\"755b4dd\" data-element_type=\"widget\" data-widget_type=\"text-editor.default\">\n\t\t\t\t<div class=\"elementor-widget-container\">\n\t\t\t\t\t\t\t\t\t<h3><b>Budowa<\/b><\/h3>\t\t\t\t\t\t\t\t<\/div>\n\t\t\t\t<\/div>\n\t\t\t\t<div class=\"elementor-element elementor-element-30fb98b e-transform elementor-widget elementor-widget-image\" data-id=\"30fb98b\" data-element_type=\"widget\" data-settings=\"{&quot;_transform_scale_effect&quot;:{&quot;unit&quot;:&quot;px&quot;,&quot;size&quot;:1.2,&quot;sizes&quot;:[]},&quot;_transform_scale_effect_tablet&quot;:{&quot;unit&quot;:&quot;px&quot;,&quot;size&quot;:&quot;&quot;,&quot;sizes&quot;:[]},&quot;_transform_scale_effect_mobile&quot;:{&quot;unit&quot;:&quot;px&quot;,&quot;size&quot;:&quot;&quot;,&quot;sizes&quot;:[]}}\" data-widget_type=\"image.default\">\n\t\t\t\t<div class=\"elementor-widget-container\">\n\t\t\t\t\t\t\t\t\t\t\t\t\t\t\t<img decoding=\"async\" width=\"514\" height=\"437\" src=\"https:\/\/oknaidrzwi.eu\/wp-content\/uploads\/2023\/11\/Zrzut-ekranu-2023-11-02-150732.jpg\" class=\"attachment-large size-large wp-image-4176\" alt=\"\" srcset=\"https:\/\/oknaidrzwi.eu\/wp-content\/uploads\/2023\/11\/Zrzut-ekranu-2023-11-02-150732.jpg 514w, https:\/\/oknaidrzwi.eu\/wp-content\/uploads\/2023\/11\/Zrzut-ekranu-2023-11-02-150732-300x255.jpg 300w\" sizes=\"(max-width: 514px) 100vw, 514px\" \/>\t\t\t\t\t\t\t\t\t\t\t\t\t\t\t<\/div>\n\t\t\t\t<\/div>\n\t\t\t\t\t<\/div>\n\t\t<\/div>\n\t\t\t\t\t<\/div>\n\t\t<\/section>\n\t\t\t\t<section class=\"elementor-section elementor-top-section elementor-element elementor-element-90aa528 elementor-section-boxed elementor-section-height-default elementor-section-height-default\" data-id=\"90aa528\" data-element_type=\"section\">\n\t\t\t\t\t\t<div class=\"elementor-container elementor-column-gap-default\">\n\t\t\t\t\t<div class=\"elementor-column elementor-col-100 elementor-top-column elementor-element elementor-element-3b41790\" data-id=\"3b41790\" data-element_type=\"column\">\n\t\t\t<div class=\"elementor-widget-wrap elementor-element-populated\">\n\t\t\t\t\t\t<div class=\"elementor-element elementor-element-0eb828e elementor-widget__width-initial elementor-widget elementor-widget-gallery\" data-id=\"0eb828e\" data-element_type=\"widget\" data-settings=\"{&quot;gallery_layout&quot;:&quot;justified&quot;,&quot;ideal_row_height&quot;:{&quot;unit&quot;:&quot;px&quot;,&quot;size&quot;:500,&quot;sizes&quot;:[]},&quot;gap&quot;:{&quot;unit&quot;:&quot;px&quot;,&quot;size&quot;:50,&quot;sizes&quot;:[]},&quot;ideal_row_height_tablet&quot;:{&quot;unit&quot;:&quot;px&quot;,&quot;size&quot;:&quot;200&quot;,&quot;sizes&quot;:[]},&quot;ideal_row_height_mobile&quot;:{&quot;unit&quot;:&quot;px&quot;,&quot;size&quot;:&quot;300&quot;,&quot;sizes&quot;:[]},&quot;gap_tablet&quot;:{&quot;unit&quot;:&quot;px&quot;,&quot;size&quot;:10,&quot;sizes&quot;:[]},&quot;gap_mobile&quot;:{&quot;unit&quot;:&quot;px&quot;,&quot;size&quot;:10,&quot;sizes&quot;:[]},&quot;overlay_background&quot;:&quot;yes&quot;,&quot;content_hover_animation&quot;:&quot;fade-in&quot;}\" data-widget_type=\"gallery.default\">\n\t\t\t\t<div class=\"elementor-widget-container\">\n\t\t\t\t\t\t\t<div class=\"elementor-gallery__container\">\n\t\t\t\t\t\t\t<div class=\"e-gallery-item elementor-gallery-item elementor-animated-content\">\n\t\t\t\t\t<div class=\"e-gallery-image elementor-gallery-item__image\" data-thumbnail=\"https:\/\/oknaidrzwi.eu\/wp-content\/uploads\/2023\/10\/Zrzut-ekranu-2023-10-26-165130.png\" data-width=\"479\" data-height=\"337\" aria-label=\"\" role=\"img\" ><\/div>\n\t\t\t\t\t\t\t\t\t\t\t<div class=\"elementor-gallery-item__overlay\"><\/div>\n\t\t\t\t\t\t\t\t\t\t\t\t\t\t<\/div>\n\t\t\t\t\t<\/div>\n\t\t\t\t\t<\/div>\n\t\t\t\t<\/div>\n\t\t\t\t\t<\/div>\n\t\t<\/div>\n\t\t\t\t\t<\/div>\n\t\t<\/section>\n\t\t\t\t<\/div>\n\t\t","protected":false},"excerpt":{"rendered":"<p>do\u015bwietlacze Do\u015bwietlacz zbudowany jest z korpusu i rusztu wykonanego ze stali ocynkowanej. Wn\u0119trze korpusu&nbsp;do\u015bwietlacza ma g\u0142adk\u0105 powierzchni\u0119, dzi\u0119ki czemu odbija maksimum \u015bwiat\u0142a i kieruje je do&nbsp;pomieszczenia. Zalet\u0105 takiej powierzchni jest \u0142atwo\u015b\u0107 utrzymania czysto\u015bci (osadzanie zanieczyszcze\u0144&nbsp;jest bardzo ograniczone, a ewentualne zabrudzenia mo\u017cna bardzo \u0142atwo usun\u0105\u0107 za pomoc\u0105 zwyk\u0142ych&nbsp;\u015brodk\u00f3w czysto\u015bci).&nbsp;Dodatkowo istnieje mo\u017cliwo\u015b\u0107 powi\u0119kszenia (na wysoko\u015b\u0107) za pomoc\u0105 [&hellip;]<\/p>\n","protected":false},"author":1,"featured_media":0,"parent":151,"menu_order":2,"comment_status":"closed","ping_status":"closed","template":"","meta":{"footnotes":""},"class_list":["post-155","page","type-page","status-publish","hentry"],"_links":{"self":[{"href":"https:\/\/oknaidrzwi.eu\/index.php\/wp-json\/wp\/v2\/pages\/155","targetHints":{"allow":["GET"]}}],"collection":[{"href":"https:\/\/oknaidrzwi.eu\/index.php\/wp-json\/wp\/v2\/pages"}],"about":[{"href":"https:\/\/oknaidrzwi.eu\/index.php\/wp-json\/wp\/v2\/types\/page"}],"author":[{"embeddable":true,"href":"https:\/\/oknaidrzwi.eu\/index.php\/wp-json\/wp\/v2\/users\/1"}],"replies":[{"embeddable":true,"href":"https:\/\/oknaidrzwi.eu\/index.php\/wp-json\/wp\/v2\/comments?post=155"}],"version-history":[{"count":31,"href":"https:\/\/oknaidrzwi.eu\/index.php\/wp-json\/wp\/v2\/pages\/155\/revisions"}],"predecessor-version":[{"id":4179,"href":"https:\/\/oknaidrzwi.eu\/index.php\/wp-json\/wp\/v2\/pages\/155\/revisions\/4179"}],"up":[{"embeddable":true,"href":"https:\/\/oknaidrzwi.eu\/index.php\/wp-json\/wp\/v2\/pages\/151"}],"wp:attachment":[{"href":"https:\/\/oknaidrzwi.eu\/index.php\/wp-json\/wp\/v2\/media?parent=155"}],"curies":[{"name":"wp","href":"https:\/\/api.w.org\/{rel}","templated":true}]}}