{"id":167,"date":"2023-04-20T21:53:56","date_gmt":"2023-04-20T19:53:56","guid":{"rendered":"http:\/\/10.0.0.11\/brzydkie.oknaidrzwi.eu\/?page_id=167"},"modified":"2023-10-11T17:01:52","modified_gmt":"2023-10-11T15:01:52","slug":"dachowka-meyer-holsen","status":"publish","type":"page","link":"https:\/\/oknaidrzwi.eu\/index.php\/oferta\/dachowka-meyer-holsen\/","title":{"rendered":"Dach\u00f3wka Meyer-Holsen"},"content":{"rendered":"\t\t<div data-elementor-type=\"wp-page\" data-elementor-id=\"167\" class=\"elementor elementor-167\" data-elementor-post-type=\"page\">\n\t\t\t\t\t\t<section class=\"elementor-section elementor-top-section elementor-element elementor-element-0c74adb elementor-section-boxed elementor-section-height-default elementor-section-height-default\" data-id=\"0c74adb\" data-element_type=\"section\">\n\t\t\t\t\t\t<div class=\"elementor-container elementor-column-gap-default\">\n\t\t\t\t\t<div class=\"elementor-column elementor-col-100 elementor-top-column elementor-element elementor-element-58da52d\" data-id=\"58da52d\" data-element_type=\"column\">\n\t\t\t<div class=\"elementor-widget-wrap elementor-element-populated\">\n\t\t\t\t\t\t<div class=\"elementor-element elementor-element-c1e2112 elementor-widget elementor-widget-heading\" data-id=\"c1e2112\" data-element_type=\"widget\" data-widget_type=\"heading.default\">\n\t\t\t\t<div class=\"elementor-widget-container\">\n\t\t\t\t\t<h1 class=\"elementor-heading-title elementor-size-default\">Dach\u00f3wka <b>meyer-holsen<\/b><\/h1>\t\t\t\t<\/div>\n\t\t\t\t<\/div>\n\t\t\t\t\t<\/div>\n\t\t<\/div>\n\t\t\t\t\t<\/div>\n\t\t<\/section>\n\t\t\t\t<section class=\"elementor-section elementor-top-section elementor-element elementor-element-bb2a4f4 elementor-section-boxed elementor-section-height-default elementor-section-height-default\" data-id=\"bb2a4f4\" data-element_type=\"section\">\n\t\t\t\t\t\t<div class=\"elementor-container elementor-column-gap-default\">\n\t\t\t\t\t<div class=\"elementor-column elementor-col-100 elementor-top-column elementor-element elementor-element-4a9841c\" data-id=\"4a9841c\" data-element_type=\"column\">\n\t\t\t<div class=\"elementor-widget-wrap elementor-element-populated\">\n\t\t\t\t\t\t<div class=\"elementor-element elementor-element-13af9012 elementor-widget__width-initial e-transform elementor-widget elementor-widget-text-editor\" data-id=\"13af9012\" data-element_type=\"widget\" data-settings=\"{&quot;_transform_translateX_effect&quot;:{&quot;unit&quot;:&quot;px&quot;,&quot;size&quot;:344,&quot;sizes&quot;:[]},&quot;_transform_translateX_effect_tablet&quot;:{&quot;unit&quot;:&quot;px&quot;,&quot;size&quot;:&quot;&quot;,&quot;sizes&quot;:[]},&quot;_transform_translateX_effect_mobile&quot;:{&quot;unit&quot;:&quot;px&quot;,&quot;size&quot;:&quot;&quot;,&quot;sizes&quot;:[]},&quot;_transform_translateY_effect&quot;:{&quot;unit&quot;:&quot;px&quot;,&quot;size&quot;:&quot;&quot;,&quot;sizes&quot;:[]},&quot;_transform_translateY_effect_tablet&quot;:{&quot;unit&quot;:&quot;px&quot;,&quot;size&quot;:&quot;&quot;,&quot;sizes&quot;:[]},&quot;_transform_translateY_effect_mobile&quot;:{&quot;unit&quot;:&quot;px&quot;,&quot;size&quot;:&quot;&quot;,&quot;sizes&quot;:[]}}\" data-widget_type=\"text-editor.default\">\n\t\t\t\t<div class=\"elementor-widget-container\">\n\t\t\t\t\t\t\t\t\t<p>To dach\u00f3wka dla najbardziej wymagaj\u0105cych klient\u00f3w.\u00a0<br \/><span style=\"background-color: var( --e-global-color-50b259d );\">Na rynku niemieckim jest uznawana za jedn\u0105 z najlepszych. Tworzona w oparciu o 150 letni\u0105 tradycj\u0119 i do\u015bwiadczenie.\u00a0<\/span><\/p><p><span style=\"background-color: var( --e-global-color-50b259d );\"><b>Niespotykane parametry techniczne tego produktu, kt\u00f3re gwarantuj\u0105 niezawodno\u015b\u0107 na wieki to:<\/b><\/span><\/p><ul><li>niska nasi\u0105kliwo\u015b\u0107,<\/li><li>mrozoodporno\u015b\u0107,<\/li><li>perfekcyjne wykonanie.<\/li><\/ul>\t\t\t\t\t\t\t\t<\/div>\n\t\t\t\t<\/div>\n\t\t\t\t\t<\/div>\n\t\t<\/div>\n\t\t\t\t\t<\/div>\n\t\t<\/section>\n\t\t\t\t<section class=\"elementor-section elementor-top-section elementor-element elementor-element-129f319f elementor-section-boxed elementor-section-height-default elementor-section-height-default\" data-id=\"129f319f\" data-element_type=\"section\">\n\t\t\t\t\t\t<div class=\"elementor-container elementor-column-gap-default\">\n\t\t\t\t\t<div class=\"elementor-column elementor-col-50 elementor-top-column elementor-element elementor-element-4b9509b3\" data-id=\"4b9509b3\" data-element_type=\"column\">\n\t\t\t<div class=\"elementor-widget-wrap elementor-element-populated\">\n\t\t\t\t\t\t<div class=\"elementor-element elementor-element-73f1e19 elementor-widget elementor-widget-image\" data-id=\"73f1e19\" data-element_type=\"widget\" data-widget_type=\"image.default\">\n\t\t\t\t<div class=\"elementor-widget-container\">\n\t\t\t\t\t\t\t\t\t\t\t\t\t\t\t<img decoding=\"async\" width=\"260\" height=\"100\" src=\"https:\/\/oknaidrzwi.eu\/wp-content\/uploads\/2023\/09\/meyer1.png\" class=\"attachment-large size-large wp-image-1183\" alt=\"\" \/>\t\t\t\t\t\t\t\t\t\t\t\t\t\t\t<\/div>\n\t\t\t\t<\/div>\n\t\t\t\t<div class=\"elementor-element elementor-element-577059ce elementor-widget__width-initial elementor-widget elementor-widget-text-editor\" data-id=\"577059ce\" data-element_type=\"widget\" data-widget_type=\"text-editor.default\">\n\t\t\t\t<div class=\"elementor-widget-container\">\n\t\t\t\t\t\t\t\t\t<p>Wyj\u0105tkowe zasoby surowca do produkcji dach\u00f3wki, pozwoli\u0142y na wyeliminowanie dodawania do gliny r\u00f3\u017cnych dodatk\u00f3w powszechnie stosowanych przez innych producent\u00f3w. Dzi\u0119ki takiej glinie dach\u00f3wki MEYER-HOLSEN nale\u017c\u0105 do \u015bcis\u0142ej czo\u0142\u00f3wki w zakresie jako\u015bci i trwa\u0142o\u015bci.<\/p>\t\t\t\t\t\t\t\t<\/div>\n\t\t\t\t<\/div>\n\t\t\t\t<div class=\"elementor-element elementor-element-66e6aef elementor-widget-divider--view-line elementor-widget elementor-widget-divider\" data-id=\"66e6aef\" data-element_type=\"widget\" data-widget_type=\"divider.default\">\n\t\t\t\t<div class=\"elementor-widget-container\">\n\t\t\t\t\t\t\t<div class=\"elementor-divider\">\n\t\t\t<span class=\"elementor-divider-separator\">\n\t\t\t\t\t\t<\/span>\n\t\t<\/div>\n\t\t\t\t\t\t<\/div>\n\t\t\t\t<\/div>\n\t\t\t\t<div class=\"elementor-element elementor-element-2ceddaa elementor-widget__width-initial elementor-widget elementor-widget-text-editor\" data-id=\"2ceddaa\" data-element_type=\"widget\" data-widget_type=\"text-editor.default\">\n\t\t\t\t<div class=\"elementor-widget-container\">\n\t\t\t\t\t\t\t\t\t<p><span style=\"background-color: var( --e-global-color-50b259d ); font-size: 1rem;\">Dach\u00f3wki w zale\u017cno\u015bci od modelu wykonywane s\u0105 w r\u00f3\u017cnych kolorach od naturalnej po przebogat\u0105 kolekcj\u0119 glazur &#8222;Marcato&#8221;. Pokrywane s\u0105 angobami, angobami krystalicznymi, glazurami oraz stosuje si\u0119 w wybranych modelach wypalanie redukcyjne (podw\u00f3jny wypa\u0142).<\/span><br><\/p>\t\t\t\t\t\t\t\t<\/div>\n\t\t\t\t<\/div>\n\t\t\t\t\t<\/div>\n\t\t<\/div>\n\t\t\t\t<div class=\"elementor-column elementor-col-50 elementor-top-column elementor-element elementor-element-41e5ea0a\" data-id=\"41e5ea0a\" data-element_type=\"column\">\n\t\t\t<div class=\"elementor-widget-wrap elementor-element-populated\">\n\t\t\t\t\t\t<section class=\"elementor-section elementor-inner-section elementor-element elementor-element-954939 elementor-section-boxed elementor-section-height-default elementor-section-height-default\" data-id=\"954939\" data-element_type=\"section\">\n\t\t\t\t\t\t<div class=\"elementor-container elementor-column-gap-default\">\n\t\t\t\t\t<div class=\"elementor-column elementor-col-100 elementor-inner-column elementor-element elementor-element-53120981\" data-id=\"53120981\" data-element_type=\"column\">\n\t\t\t<div class=\"elementor-widget-wrap elementor-element-populated\">\n\t\t\t\t\t\t<div class=\"elementor-element elementor-element-41980057 elementor-widget__width-initial elementor-widget elementor-widget-gallery\" data-id=\"41980057\" data-element_type=\"widget\" data-settings=\"{&quot;gallery_layout&quot;:&quot;justified&quot;,&quot;ideal_row_height&quot;:{&quot;unit&quot;:&quot;px&quot;,&quot;size&quot;:500,&quot;sizes&quot;:[]},&quot;gap&quot;:{&quot;unit&quot;:&quot;px&quot;,&quot;size&quot;:50,&quot;sizes&quot;:[]},&quot;ideal_row_height_tablet&quot;:{&quot;unit&quot;:&quot;px&quot;,&quot;size&quot;:&quot;200&quot;,&quot;sizes&quot;:[]},&quot;ideal_row_height_mobile&quot;:{&quot;unit&quot;:&quot;px&quot;,&quot;size&quot;:&quot;300&quot;,&quot;sizes&quot;:[]},&quot;gap_tablet&quot;:{&quot;unit&quot;:&quot;px&quot;,&quot;size&quot;:10,&quot;sizes&quot;:[]},&quot;gap_mobile&quot;:{&quot;unit&quot;:&quot;px&quot;,&quot;size&quot;:10,&quot;sizes&quot;:[]},&quot;overlay_background&quot;:&quot;yes&quot;,&quot;content_hover_animation&quot;:&quot;fade-in&quot;}\" data-widget_type=\"gallery.default\">\n\t\t\t\t<div class=\"elementor-widget-container\">\n\t\t\t\t\t\t\t<div class=\"elementor-gallery__container\">\n\t\t\t\t\t\t\t<div class=\"e-gallery-item elementor-gallery-item elementor-animated-content\">\n\t\t\t\t\t<div class=\"e-gallery-image elementor-gallery-item__image\" data-thumbnail=\"https:\/\/oknaidrzwi.eu\/wp-content\/uploads\/2023\/09\/piano-5.jpg\" data-width=\"800\" data-height=\"534\" aria-label=\"\" role=\"img\" ><\/div>\n\t\t\t\t\t\t\t\t\t\t\t<div class=\"elementor-gallery-item__overlay\"><\/div>\n\t\t\t\t\t\t\t\t\t\t\t\t\t\t<\/div>\n\t\t\t\t\t<\/div>\n\t\t\t\t\t<\/div>\n\t\t\t\t<\/div>\n\t\t\t\t\t<\/div>\n\t\t<\/div>\n\t\t\t\t\t<\/div>\n\t\t<\/section>\n\t\t\t\t\t<\/div>\n\t\t<\/div>\n\t\t\t\t\t<\/div>\n\t\t<\/section>\n\t\t\t\t<section class=\"elementor-section elementor-top-section elementor-element elementor-element-64691736 elementor-section-full_width elementor-section-height-default elementor-section-height-default\" data-id=\"64691736\" data-element_type=\"section\">\n\t\t\t\t\t\t<div class=\"elementor-container elementor-column-gap-default\">\n\t\t\t\t\t<div class=\"elementor-column elementor-col-50 elementor-top-column elementor-element elementor-element-54704839\" data-id=\"54704839\" data-element_type=\"column\">\n\t\t\t<div class=\"elementor-widget-wrap elementor-element-populated\">\n\t\t\t\t\t\t\t<\/div>\n\t\t<\/div>\n\t\t\t\t<div class=\"elementor-column elementor-col-50 elementor-top-column elementor-element elementor-element-3bb36a2e\" data-id=\"3bb36a2e\" data-element_type=\"column\">\n\t\t\t<div class=\"elementor-widget-wrap elementor-element-populated\">\n\t\t\t\t\t\t<div class=\"elementor-element elementor-element-554d3163 elementor-widget elementor-widget-text-editor\" data-id=\"554d3163\" data-element_type=\"widget\" data-widget_type=\"text-editor.default\">\n\t\t\t\t<div class=\"elementor-widget-container\">\n\t\t\t\t\t\t\t\t\t<h3>Dlaczego MEYER- HOLSEN?<\/h3>\t\t\t\t\t\t\t\t<\/div>\n\t\t\t\t<\/div>\n\t\t\t\t<div class=\"elementor-element elementor-element-2aa191a4 elementor-widget__width-initial elementor-widget elementor-widget-text-editor\" data-id=\"2aa191a4\" data-element_type=\"widget\" data-widget_type=\"text-editor.default\">\n\t\t\t\t<div class=\"elementor-widget-container\">\n\t\t\t\t\t\t\t\t\t<ul><li><span style=\"background-color: var( --e-global-color-50b259d ); font-size: 1rem;\">Od 1860 r. firma stanowi \u017ar\u00f3d\u0142o jako\u015bci w produkcji dach\u00f3wki ceramicznej.<\/span><\/li><\/ul><ul><li>W historii firmy nie zdarzy\u0142a si\u0119 reklamacja na mrozoodporno\u015b\u0107.<\/li><\/ul><ul><li>Meyer-Holsen to jako\u015b\u0107 z 50-letni\u0105 gwarancj\u0105 na produkt.<\/li><li>Jako jedyna firma udziela 30 lat pe\u0142nej gwarancji na serwis.<\/li><\/ul><ul><li>Jako jedyny producent dach\u00f3wki udziela 20-letniej gwarancji na dost\u0119pno\u015b\u0107 produktu.<\/li><\/ul><ul><li><span style=\"background-color: var( --e-global-color-50b259d );\">Dach\u00f3wki s\u0105 produktem ekologicznym, wolnym od silikon\u00f3w, wytworzonym z najlepszego naturalnego surowca &#8211; i\u0142u \u0142upkowego.<\/span><\/li><\/ul>\t\t\t\t\t\t\t\t<\/div>\n\t\t\t\t<\/div>\n\t\t\t\t\t<\/div>\n\t\t<\/div>\n\t\t\t\t\t<\/div>\n\t\t<\/section>\n\t\t\t\t<section class=\"elementor-section elementor-top-section elementor-element elementor-element-62a51abd elementor-section-full_width elementor-section-height-default elementor-section-height-default\" data-id=\"62a51abd\" data-element_type=\"section\">\n\t\t\t\t\t\t<div class=\"elementor-container elementor-column-gap-default\">\n\t\t\t\t\t<div class=\"elementor-column elementor-col-50 elementor-top-column elementor-element elementor-element-6e82f234\" data-id=\"6e82f234\" data-element_type=\"column\">\n\t\t\t<div class=\"elementor-widget-wrap elementor-element-populated\">\n\t\t\t\t\t\t<div class=\"elementor-element elementor-element-9a4a15b elementor-widget elementor-widget-image\" data-id=\"9a4a15b\" data-element_type=\"widget\" data-widget_type=\"image.default\">\n\t\t\t\t<div class=\"elementor-widget-container\">\n\t\t\t\t\t\t\t\t\t\t\t\t\t\t\t<img fetchpriority=\"high\" decoding=\"async\" width=\"768\" height=\"576\" src=\"https:\/\/oknaidrzwi.eu\/wp-content\/uploads\/2023\/09\/mh-piano-02.jpg\" class=\"attachment-full size-full wp-image-1177\" alt=\"\" srcset=\"https:\/\/oknaidrzwi.eu\/wp-content\/uploads\/2023\/09\/mh-piano-02.jpg 768w, https:\/\/oknaidrzwi.eu\/wp-content\/uploads\/2023\/09\/mh-piano-02-300x225.jpg 300w\" sizes=\"(max-width: 768px) 100vw, 768px\" \/>\t\t\t\t\t\t\t\t\t\t\t\t\t\t\t<\/div>\n\t\t\t\t<\/div>\n\t\t\t\t\t<\/div>\n\t\t<\/div>\n\t\t\t\t<div class=\"elementor-column elementor-col-50 elementor-top-column elementor-element elementor-element-7c2407b\" data-id=\"7c2407b\" data-element_type=\"column\">\n\t\t\t<div class=\"elementor-widget-wrap elementor-element-populated\">\n\t\t\t\t\t\t<section class=\"elementor-section elementor-inner-section elementor-element elementor-element-3d9f52e6 elementor-section-height-min-height elementor-section-boxed elementor-section-height-default\" data-id=\"3d9f52e6\" data-element_type=\"section\">\n\t\t\t\t\t\t<div class=\"elementor-container elementor-column-gap-default\">\n\t\t\t\t\t<div class=\"elementor-column elementor-col-100 elementor-inner-column elementor-element elementor-element-4764ad2e\" data-id=\"4764ad2e\" data-element_type=\"column\" data-settings=\"{&quot;motion_fx_motion_fx_scrolling&quot;:&quot;yes&quot;,&quot;motion_fx_translateX_effect&quot;:&quot;yes&quot;,&quot;motion_fx_translateX_speed&quot;:{&quot;unit&quot;:&quot;px&quot;,&quot;size&quot;:&quot;1&quot;,&quot;sizes&quot;:[]},&quot;motion_fx_translateX_affectedRange&quot;:{&quot;unit&quot;:&quot;%&quot;,&quot;size&quot;:&quot;&quot;,&quot;sizes&quot;:{&quot;start&quot;:&quot;0&quot;,&quot;end&quot;:&quot;50&quot;}},&quot;motion_fx_devices&quot;:[&quot;desktop&quot;]}\">\n\t\t\t<div class=\"elementor-widget-wrap elementor-element-populated\">\n\t\t\t\t\t\t<div class=\"elementor-element elementor-element-55081820 elementor-widget elementor-widget-text-editor\" data-id=\"55081820\" data-element_type=\"widget\" data-widget_type=\"text-editor.default\">\n\t\t\t\t<div class=\"elementor-widget-container\">\n\t\t\t\t\t\t\t\t\t<h5><span class=\"s2\" style=\"color: #000000;\">Cena dach\u00f3wek oferowanych przez firm\u0119 <b>MEYER-HOLSEN<\/b> jest wsp\u00f3\u0142mierna do jako\u015bci oferowanego produktu. Konkurencja produkuje dach\u00f3wki w ni\u017cszej cenie ale jako\u015b\u0107 ich jest \u015brednio ok. <b>30% ni\u017csza<\/b>.<\/span><\/h5>\t\t\t\t\t\t\t\t<\/div>\n\t\t\t\t<\/div>\n\t\t\t\t\t<\/div>\n\t\t<\/div>\n\t\t\t\t\t<\/div>\n\t\t<\/section>\n\t\t\t\t\t<\/div>\n\t\t<\/div>\n\t\t\t\t\t<\/div>\n\t\t<\/section>\n\t\t\t\t<section class=\"elementor-section elementor-top-section elementor-element elementor-element-71b9ce18 elementor-section-boxed elementor-section-height-default elementor-section-height-default\" data-id=\"71b9ce18\" data-element_type=\"section\">\n\t\t\t\t\t\t<div class=\"elementor-container elementor-column-gap-default\">\n\t\t\t\t\t<div class=\"elementor-column elementor-col-33 elementor-top-column elementor-element elementor-element-1efb9ed9\" data-id=\"1efb9ed9\" data-element_type=\"column\">\n\t\t\t<div class=\"elementor-widget-wrap elementor-element-populated\">\n\t\t\t\t\t\t<div class=\"elementor-element elementor-element-76475d8f elementor-cta--valign-middle elementor-cta--skin-classic elementor-animated-content elementor-bg-transform elementor-bg-transform-zoom-in elementor-widget elementor-widget-call-to-action\" data-id=\"76475d8f\" data-element_type=\"widget\" data-widget_type=\"call-to-action.default\">\n\t\t\t\t<div class=\"elementor-widget-container\">\n\t\t\t\t\t\t\t<div class=\"elementor-cta\">\n\t\t\t\t\t<div class=\"elementor-cta__bg-wrapper\">\n\t\t\t\t<div class=\"elementor-cta__bg elementor-bg\" style=\"background-image: url(https:\/\/oknaidrzwi.eu\/wp-content\/uploads\/2023\/09\/gwarancja-20-lat.png);\" role=\"img\" aria-label=\"gwarancja-20-lat\"><\/div>\n\t\t\t\t<div class=\"elementor-cta__bg-overlay\"><\/div>\n\t\t\t<\/div>\n\t\t\t\t\t\t\t\t<\/div>\n\t\t\t\t\t\t<\/div>\n\t\t\t\t<\/div>\n\t\t\t\t\t<\/div>\n\t\t<\/div>\n\t\t\t\t<div class=\"elementor-column elementor-col-33 elementor-top-column elementor-element elementor-element-7b952af6\" data-id=\"7b952af6\" data-element_type=\"column\">\n\t\t\t<div class=\"elementor-widget-wrap elementor-element-populated\">\n\t\t\t\t\t\t<div class=\"elementor-element elementor-element-2086d559 elementor-cta--valign-middle elementor-cta--skin-classic elementor-animated-content elementor-bg-transform elementor-bg-transform-zoom-in elementor-widget elementor-widget-call-to-action\" data-id=\"2086d559\" data-element_type=\"widget\" data-widget_type=\"call-to-action.default\">\n\t\t\t\t<div class=\"elementor-widget-container\">\n\t\t\t\t\t\t\t<div class=\"elementor-cta\">\n\t\t\t\t\t<div class=\"elementor-cta__bg-wrapper\">\n\t\t\t\t<div class=\"elementor-cta__bg elementor-bg\" style=\"background-image: url(https:\/\/oknaidrzwi.eu\/wp-content\/uploads\/2023\/09\/gwarancja-40-lat.png);\" role=\"img\" aria-label=\"gwarancja-40-lat\"><\/div>\n\t\t\t\t<div class=\"elementor-cta__bg-overlay\"><\/div>\n\t\t\t<\/div>\n\t\t\t\t\t\t\t\t<\/div>\n\t\t\t\t\t\t<\/div>\n\t\t\t\t<\/div>\n\t\t\t\t\t<\/div>\n\t\t<\/div>\n\t\t\t\t<div class=\"elementor-column elementor-col-33 elementor-top-column elementor-element elementor-element-17d092f6\" data-id=\"17d092f6\" data-element_type=\"column\">\n\t\t\t<div class=\"elementor-widget-wrap elementor-element-populated\">\n\t\t\t\t\t\t<div class=\"elementor-element elementor-element-6982041a elementor-cta--valign-middle elementor-cta--skin-classic elementor-animated-content elementor-bg-transform elementor-bg-transform-zoom-in elementor-widget elementor-widget-call-to-action\" data-id=\"6982041a\" data-element_type=\"widget\" data-widget_type=\"call-to-action.default\">\n\t\t\t\t<div class=\"elementor-widget-container\">\n\t\t\t\t\t\t\t<div class=\"elementor-cta\">\n\t\t\t\t\t<div class=\"elementor-cta__bg-wrapper\">\n\t\t\t\t<div class=\"elementor-cta__bg elementor-bg\" style=\"background-image: url(https:\/\/oknaidrzwi.eu\/wp-content\/uploads\/2023\/09\/gwarancja-50-lat.png);\" role=\"img\" aria-label=\"gwarancja-50-lat\"><\/div>\n\t\t\t\t<div class=\"elementor-cta__bg-overlay\"><\/div>\n\t\t\t<\/div>\n\t\t\t\t\t\t\t\t<\/div>\n\t\t\t\t\t\t<\/div>\n\t\t\t\t<\/div>\n\t\t\t\t\t<\/div>\n\t\t<\/div>\n\t\t\t\t\t<\/div>\n\t\t<\/section>\n\t\t\t\t<section class=\"elementor-section elementor-top-section elementor-element elementor-element-d8940fb elementor-section-boxed elementor-section-height-default elementor-section-height-default\" data-id=\"d8940fb\" data-element_type=\"section\">\n\t\t\t\t\t\t<div class=\"elementor-container elementor-column-gap-default\">\n\t\t\t\t\t<div class=\"elementor-column elementor-col-100 elementor-top-column elementor-element elementor-element-d3ff3e4\" data-id=\"d3ff3e4\" data-element_type=\"column\">\n\t\t\t<div class=\"elementor-widget-wrap\">\n\t\t\t\t\t\t\t<\/div>\n\t\t<\/div>\n\t\t\t\t\t<\/div>\n\t\t<\/section>\n\t\t\t\t<\/div>\n\t\t","protected":false},"excerpt":{"rendered":"<p>Dach\u00f3wka meyer-holsen To dach\u00f3wka dla najbardziej wymagaj\u0105cych klient\u00f3w.\u00a0Na rynku niemieckim jest uznawana za jedn\u0105 z najlepszych. Tworzona w oparciu o 150 letni\u0105 tradycj\u0119 i do\u015bwiadczenie.\u00a0 Niespotykane parametry techniczne tego produktu, kt\u00f3re gwarantuj\u0105 niezawodno\u015b\u0107 na wieki to: niska nasi\u0105kliwo\u015b\u0107, mrozoodporno\u015b\u0107, perfekcyjne wykonanie. Wyj\u0105tkowe zasoby surowca do produkcji dach\u00f3wki, pozwoli\u0142y na wyeliminowanie dodawania do gliny r\u00f3\u017cnych dodatk\u00f3w [&hellip;]<\/p>\n","protected":false},"author":1,"featured_media":0,"parent":151,"menu_order":0,"comment_status":"closed","ping_status":"closed","template":"","meta":{"footnotes":""},"class_list":["post-167","page","type-page","status-publish","hentry"],"_links":{"self":[{"href":"https:\/\/oknaidrzwi.eu\/index.php\/wp-json\/wp\/v2\/pages\/167","targetHints":{"allow":["GET"]}}],"collection":[{"href":"https:\/\/oknaidrzwi.eu\/index.php\/wp-json\/wp\/v2\/pages"}],"about":[{"href":"https:\/\/oknaidrzwi.eu\/index.php\/wp-json\/wp\/v2\/types\/page"}],"author":[{"embeddable":true,"href":"https:\/\/oknaidrzwi.eu\/index.php\/wp-json\/wp\/v2\/users\/1"}],"replies":[{"embeddable":true,"href":"https:\/\/oknaidrzwi.eu\/index.php\/wp-json\/wp\/v2\/comments?post=167"}],"version-history":[{"count":26,"href":"https:\/\/oknaidrzwi.eu\/index.php\/wp-json\/wp\/v2\/pages\/167\/revisions"}],"predecessor-version":[{"id":2406,"href":"https:\/\/oknaidrzwi.eu\/index.php\/wp-json\/wp\/v2\/pages\/167\/revisions\/2406"}],"up":[{"embeddable":true,"href":"https:\/\/oknaidrzwi.eu\/index.php\/wp-json\/wp\/v2\/pages\/151"}],"wp:attachment":[{"href":"https:\/\/oknaidrzwi.eu\/index.php\/wp-json\/wp\/v2\/media?parent=167"}],"curies":[{"name":"wp","href":"https:\/\/api.w.org\/{rel}","templated":true}]}}